{"id":2301,"date":"2020-11-09T00:58:51","date_gmt":"2020-11-08T23:58:51","guid":{"rendered":"http:\/\/onyxfinehome.com\/?page_id=2301"},"modified":"2021-03-24T16:25:19","modified_gmt":"2021-03-24T15:25:19","slug":"mission","status":"publish","type":"page","link":"https:\/\/onyxfinehome.com\/de\/mission\/","title":{"rendered":"Mission"},"content":{"rendered":"<div data-elementor-type=\"wp-page\" data-elementor-id=\"2301\" class=\"elementor elementor-2301\">\n\t\t\t\t\t\t<div class=\"elementor-inner\">\n\t\t\t\t<div class=\"elementor-section-wrap\">\n\t\t\t\t\t\t\t\t\t<section class=\"elementor-section elementor-top-section elementor-element elementor-element-e1c4549 elementor-section-height-min-height elementor-reverse-tablet elementor-reverse-mobile elementor-section-boxed elementor-section-height-default elementor-section-items-middle\" data-id=\"e1c4549\" data-element_type=\"section\" data-settings=\"{&quot;background_background&quot;:&quot;classic&quot;}\">\n\t\t\t\t\t\t\t<div class=\"elementor-background-overlay\"><\/div>\n\t\t\t\t\t\t\t<div class=\"elementor-container elementor-column-gap-default\">\n\t\t\t\t\t\t\t<div class=\"elementor-row\">\n\t\t\t\t\t<div class=\"elementor-column elementor-col-100 elementor-top-column elementor-element elementor-element-c4e1f1b\" data-id=\"c4e1f1b\" data-element_type=\"column\">\n\t\t\t<div class=\"elementor-column-wrap elementor-element-populated\">\n\t\t\t\t\t\t\t<div class=\"elementor-widget-wrap\">\n\t\t\t\t\t\t<div class=\"elementor-element elementor-element-5b8eec8 elementor-absolute elementor-widget-mobile__width-initial elementor-widget__width-inherit elementor-widget elementor-widget-text-editor\" data-id=\"5b8eec8\" data-element_type=\"widget\" data-settings=\"{&quot;_position&quot;:&quot;absolute&quot;}\" data-widget_type=\"text-editor.default\">\n\t\t\t\t<div class=\"elementor-widget-container\">\n\t\t\t\t\t\t\t\t<div class=\"elementor-text-editor elementor-clearfix\">\n\t\t\t\t<p>Verlasse ein gutes Ambiente, betrete ein neues Lebensgef\u00fchl - dieses Motto treibt uns an: Mar\u00eda-Jos\u00e9, Josef und Anika. Wir sind ein ambitioniertes mexikanisch-\u00f6sterreichisches Jungunternehmertrio ans\u00e4ssig im sch\u00f6nen und internationalen Graz. Unsere Mission ist das Aufhellen verstaubter, altmodischer Inneneinrichtung in Europa, mittels einzigartig lichtdurchl\u00e4ssigem, weichem und verzauberndem Onyx Marmor. Es ist die magische Balance aus Ruhe und Aufbruch, welche der Onyx Marmor in dein Zuhause flie\u00dfen l\u00e4sst. Durch traditionelle, hochwertige mexikanische Handwerkskunst werden Sch\u00f6nheit und Wildheit des prachtvollen Steines gez\u00e4hmt und veredelt. Faszinierende Onyx Leuchten, anziehende Onyx Bars und strahlende Onyx Wandverkleidungen transportieren Feuer und Magie - es gibt keine Grenzen! <strong>Onyx Leuchten<\/strong>, anziehende <strong>Onyx Bars<\/strong> und strahlende <strong>Onyx Wandverkleidungen transportieren Feuer und Magie -<\/strong><span class=\"Apple-converted-space\">\u00a0 <\/span><strong>Es gibt keine Grenzen!<\/strong><\/p>\t\t\t\t\t<\/div>\n\t\t\t\t\t\t<\/div>\n\t\t\t\t<\/div>\n\t\t\t\t<div class=\"elementor-element elementor-element-a3e9de8 elementor-absolute elementor-widget elementor-widget-heading\" data-id=\"a3e9de8\" data-element_type=\"widget\" data-settings=\"{&quot;_position&quot;:&quot;absolute&quot;}\" data-widget_type=\"heading.default\">\n\t\t\t\t<div class=\"elementor-widget-container\">\n\t\t\t<h3 class=\"elementor-heading-title elementor-size-default\">Eine Wunderbare Geschichte von Mexiko bis \u00d6sterreich <\/h3>\t\t<\/div>\n\t\t\t\t<\/div>\n\t\t\t\t<div class=\"elementor-element elementor-element-613b9b2 elementor-absolute elementor-widget elementor-widget-heading\" data-id=\"613b9b2\" data-element_type=\"widget\" data-settings=\"{&quot;_position&quot;:&quot;absolute&quot;}\" data-widget_type=\"heading.default\">\n\t\t\t\t<div class=\"elementor-widget-container\">\n\t\t\t<h2 class=\"elementor-heading-title elementor-size-default\">We Believe in the Powers and Magics that Make Us <\/h2>\t\t<\/div>\n\t\t\t\t<\/div>\n\t\t\t\t\t\t<\/div>\n\t\t\t\t\t<\/div>\n\t\t<\/div>\n\t\t\t\t\t\t\t\t<\/div>\n\t\t\t\t\t<\/div>\n\t\t<\/section>\n\t\t\t\t<section class=\"elementor-section elementor-top-section elementor-element elementor-element-75b9c19 elementor-section-height-min-height elementor-section-items-stretch elementor-reverse-tablet elementor-reverse-mobile elementor-hidden-desktop elementor-section-boxed elementor-section-height-default\" data-id=\"75b9c19\" data-element_type=\"section\" data-settings=\"{&quot;background_background&quot;:&quot;classic&quot;}\">\n\t\t\t\t\t\t\t<div class=\"elementor-background-overlay\"><\/div>\n\t\t\t\t\t\t\t<div class=\"elementor-container elementor-column-gap-default\">\n\t\t\t\t\t\t\t<div class=\"elementor-row\">\n\t\t\t\t\t<div class=\"elementor-column elementor-col-50 elementor-top-column elementor-element elementor-element-2504e4f\" data-id=\"2504e4f\" data-element_type=\"column\">\n\t\t\t<div class=\"elementor-column-wrap\">\n\t\t\t\t\t\t\t<div class=\"elementor-widget-wrap\">\n\t\t\t\t\t\t\t\t<\/div>\n\t\t\t\t\t<\/div>\n\t\t<\/div>\n\t\t\t\t<div class=\"elementor-column elementor-col-50 elementor-top-column elementor-element elementor-element-f98f0e0\" data-id=\"f98f0e0\" data-element_type=\"column\">\n\t\t\t<div class=\"elementor-column-wrap\">\n\t\t\t\t\t\t\t<div class=\"elementor-widget-wrap\">\n\t\t\t\t\t\t\t\t<\/div>\n\t\t\t\t\t<\/div>\n\t\t<\/div>\n\t\t\t\t\t\t\t\t<\/div>\n\t\t\t\t\t<\/div>\n\t\t<\/section>\n\t\t\t\t\t\t\t\t\t<\/div>\n\t\t\t<\/div>\n\t\t\t\t\t<\/div>","protected":false},"excerpt":{"rendered":"<p>Finish with Good Ambience, Prepare for a New Philosophy of Living &#8211; this mission statement drives us: Mar\u00eda-Jos\u00e9, Josef and Anika. We are an ambitious Austro-Mexican team of young entrepreneurs based in the beautiful and international city of Graz. Our mission is the illumination of dusty and old-fashioned interior design in Europe, through stunningly translucent, [&hellip;]<\/p>\n","protected":false},"author":1,"featured_media":0,"parent":0,"menu_order":0,"comment_status":"closed","ping_status":"closed","template":"","meta":{"site-sidebar-layout":"no-sidebar","site-content-layout":"page-builder","ast-site-content-layout":"default","site-content-style":"default","site-sidebar-style":"default","ast-global-header-display":"","ast-banner-title-visibility":"","ast-main-header-display":"","ast-hfb-above-header-display":"","ast-hfb-below-header-display":"","ast-hfb-mobile-header-display":"","site-post-title":"disabled","ast-breadcrumbs-content":"","ast-featured-img":"disabled","footer-sml-layout":"","ast-disable-related-posts":"","theme-transparent-header-meta":"default","adv-header-id-meta":"","stick-header-meta":"","header-above-stick-meta":"","header-main-stick-meta":"","header-below-stick-meta":"","astra-migrate-meta-layouts":"default","ast-page-background-enabled":"default","ast-page-background-meta":{"desktop":{"background-color":"var(--ast-global-color-4)","background-image":"","background-repeat":"repeat","background-position":"center center","background-size":"auto","background-attachment":"scroll","background-type":"","background-media":"","overlay-type":"","overlay-color":"","overlay-opacity":"","overlay-gradient":""},"tablet":{"background-color":"","background-image":"","background-repeat":"repeat","background-position":"center center","background-size":"auto","background-attachment":"scroll","background-type":"","background-media":"","overlay-type":"","overlay-color":"","overlay-opacity":"","overlay-gradient":""},"mobile":{"background-color":"","background-image":"","background-repeat":"repeat","background-position":"center center","background-size":"auto","background-attachment":"scroll","background-type":"","background-media":"","overlay-type":"","overlay-color":"","overlay-opacity":"","overlay-gradient":""}},"ast-content-background-meta":{"desktop":{"background-color":"var(--ast-global-color-5)","background-image":"","background-repeat":"repeat","background-position":"center center","background-size":"auto","background-attachment":"scroll","background-type":"","background-media":"","overlay-type":"","overlay-color":"","overlay-opacity":"","overlay-gradient":""},"tablet":{"background-color":"var(--ast-global-color-5)","background-image":"","background-repeat":"repeat","background-position":"center center","background-size":"auto","background-attachment":"scroll","background-type":"","background-media":"","overlay-type":"","overlay-color":"","overlay-opacity":"","overlay-gradient":""},"mobile":{"background-color":"var(--ast-global-color-5)","background-image":"","background-repeat":"repeat","background-position":"center center","background-size":"auto","background-attachment":"scroll","background-type":"","background-media":"","overlay-type":"","overlay-color":"","overlay-opacity":"","overlay-gradient":""}}},"_links":{"self":[{"href":"https:\/\/onyxfinehome.com\/de\/wp-json\/wp\/v2\/pages\/2301"}],"collection":[{"href":"https:\/\/onyxfinehome.com\/de\/wp-json\/wp\/v2\/pages"}],"about":[{"href":"https:\/\/onyxfinehome.com\/de\/wp-json\/wp\/v2\/types\/page"}],"author":[{"embeddable":true,"href":"https:\/\/onyxfinehome.com\/de\/wp-json\/wp\/v2\/users\/1"}],"replies":[{"embeddable":true,"href":"https:\/\/onyxfinehome.com\/de\/wp-json\/wp\/v2\/comments?post=2301"}],"version-history":[{"count":10,"href":"https:\/\/onyxfinehome.com\/de\/wp-json\/wp\/v2\/pages\/2301\/revisions"}],"predecessor-version":[{"id":3055,"href":"https:\/\/onyxfinehome.com\/de\/wp-json\/wp\/v2\/pages\/2301\/revisions\/3055"}],"wp:attachment":[{"href":"https:\/\/onyxfinehome.com\/de\/wp-json\/wp\/v2\/media?parent=2301"}],"curies":[{"name":"wp","href":"https:\/\/api.w.org\/{rel}","templated":true}]}}